{"id":90,"date":"2014-07-05T10:25:20","date_gmt":"2014-07-05T10:25:20","guid":{"rendered":"http:\/\/www.asociacionvegana.es\/?page_id=90"},"modified":"2015-07-05T09:41:02","modified_gmt":"2015-07-05T09:41:02","slug":"etica","status":"publish","type":"page","link":"https:\/\/www.asociacionvegana.es\/?page_id=90","title":{"rendered":"\u00c9tica \/ Ethics"},"content":{"rendered":"<p style=\"color: #333333;\">El veganismo como estilo de vida y filosof\u00eda esta basado en los principios m\u00e1s elementales de la \u00e9tica, \u00a0la salud y la justicia, sin embargo, las ra\u00edces culturales y religiosas del dominio irracional que ejercen los seres humanos sobre\u00a0los animales\u00a0se manifiesta en una\u00a0falta de inter\u00e9s por sus\u00a0intereses y derechos, \u00a0con graves consecuencias para nuestra\u00a0salud y la vida del\u00a0planeta.<\/p>\n<p style=\"color: #333333;\">La mayor\u00eda de los animales que se cr\u00edan para satisfacer la demanda de carne, leche y huevos, provienen de explotaciones intensivas donde no se respetan sus necesidades m\u00e1s b\u00e1sicas ni sus derechos como seres vivos, sufriendo mutilaciones y malos tratos en unas condiciones deplorables de hacinamiento total para obtener de ellos el m\u00e1ximo rendimiento posible.<\/p>\n<p style=\"color: #333333;\">La explotaci\u00f3n y matanza de animales para obtener productos innecesarios y perjudiciales, carecen de todo sentido \u00e9tico o justificaci\u00f3n racional y nada es tan f\u00e1cil ni beneficioso para los animales, nuestra salud y el planeta como adoptar un estilo de vida vegano y romper la alianza t\u00e1cita entre\u00a0consumidores recalcitrantes y productores\u00a0mediante un consumo\u00a0\u00e9tico responsable y el rechazo de\u00a0los productos de origen animal.<\/p>\n<p style=\"color: #333333;\">\n","protected":false},"excerpt":{"rendered":"<p>El veganismo como estilo de vida y filosof\u00eda esta basado en los principios m\u00e1s elementales de la \u00e9tica, \u00a0la salud y la justicia, sin embargo, las ra\u00edces culturales y religiosas del dominio irracional que ejercen los seres humanos sobre\u00a0los animales\u00a0se manifiesta en una\u00a0falta de inter\u00e9s por sus\u00a0intereses y derechos, \u00a0con graves consecuencias para nuestra\u00a0salud y &hellip; <a href=\"https:\/\/www.asociacionvegana.es\/?page_id=90\" class=\"more-link\">Seguir leyendo <span class=\"screen-reader-text\">\u00c9tica \/ Ethics<\/span> <span class=\"meta-nav\">&rarr;<\/span><\/a><\/p>\n","protected":false},"author":3,"featured_media":0,"parent":87,"menu_order":0,"comment_status":"closed","ping_status":"closed","template":"","meta":{"footnotes":""},"class_list":["post-90","page","type-page","status-publish","hentry"],"_links":{"self":[{"href":"https:\/\/www.asociacionvegana.es\/index.php?rest_route=\/wp\/v2\/pages\/90","targetHints":{"allow":["GET"]}}],"collection":[{"href":"https:\/\/www.asociacionvegana.es\/index.php?rest_route=\/wp\/v2\/pages"}],"about":[{"href":"https:\/\/www.asociacionvegana.es\/index.php?rest_route=\/wp\/v2\/types\/page"}],"author":[{"embeddable":true,"href":"https:\/\/www.asociacionvegana.es\/index.php?rest_route=\/wp\/v2\/users\/3"}],"replies":[{"embeddable":true,"href":"https:\/\/www.asociacionvegana.es\/index.php?rest_route=%2Fwp%2Fv2%2Fcomments&post=90"}],"version-history":[{"count":5,"href":"https:\/\/www.asociacionvegana.es\/index.php?rest_route=\/wp\/v2\/pages\/90\/revisions"}],"predecessor-version":[{"id":487,"href":"https:\/\/www.asociacionvegana.es\/index.php?rest_route=\/wp\/v2\/pages\/90\/revisions\/487"}],"up":[{"embeddable":true,"href":"https:\/\/www.asociacionvegana.es\/index.php?rest_route=\/wp\/v2\/pages\/87"}],"wp:attachment":[{"href":"https:\/\/www.asociacionvegana.es\/index.php?rest_route=%2Fwp%2Fv2%2Fmedia&parent=90"}],"curies":[{"name":"wp","href":"https:\/\/api.w.org\/{rel}","templated":true}]}}