{"id":224,"date":"2014-07-13T14:47:41","date_gmt":"2014-07-13T14:47:41","guid":{"rendered":"http:\/\/www.asociacionvegana.es\/?page_id=224"},"modified":"2014-07-14T10:04:54","modified_gmt":"2014-07-14T10:04:54","slug":"videos","status":"publish","type":"page","link":"https:\/\/www.asociacionvegana.es\/?page_id=224","title":{"rendered":"Videos"},"content":{"rendered":"<ul>\n<li class=\"expanded active-trail menu-mlid-1158\" style=\"color: #71767a;\"><a class=\"active-trail\" style=\"color: #ffffff;\" title=\"\" href=\"http:\/\/www.vegansociety.com\/shop\/books\"><span style=\"font-weight: normal; color: #000000;\">VIDEO:\u00a0<\/span><\/a><a style=\"font-weight: normal;\" href=\"http:\/\/www.youtube.com\/v\/OOHuPGqh_9Q&amp;color1=0xb1b1b1&amp;color2=0xd0d0d0&amp;hl=es_ES&amp;feature=player_embedded&amp;fs=1\" target=\"_blank\">Padres e hijos veganos<\/a><\/li>\n<li class=\"expanded active-trail menu-mlid-1158\" style=\"color: #71767a;\"><\/li>\n<li class=\"expanded active-trail menu-mlid-1158\"><span style=\"color: #71767a;\">La FAO recopila y distribuye estad\u00edsticas de alimentaci\u00f3n y agricultura de 245 pa\u00edses aproximadamente y 35 regiones desde 1961 hasta la fecha. Visitar\u00a0<\/span><a style=\"font-weight: bold; color: #0d6cac;\" href=\"http:\/\/faostat3.fao.org\/faostat-gateway\/go\/to\/home\/E\" target=\"_blank\">FAOSTAT<\/a><span style=\"color: #003b43;\">\u00a0<\/span><\/li>\n<li class=\"expanded active-trail menu-mlid-1158\"><span style=\"color: #003b43;\">descargar la \u00a0version\u00a0<a style=\"font-weight: bold; color: #0d6cac;\" href=\"http:\/\/www.fao.org\/assets\/infographics\/FAO-Infographic-food-ag-en.pdf\" target=\"_new\">PDF version<\/a><\/span><\/li>\n<\/ul>\n<p>\u00a8Making the connection\u00a8 en\u00a0espa\u00f1ol \/ \u00a8Estableciendo la relaci\u00f3n\u00a8<\/p>\n<p>Se puede disfrutar al mismo tiempo un estilo de vida \u00a0vanguardista, sano y divertido y\u00a0practicar\u00a0un estilo de vida justo, compasivo y sostenible. Este es el mensaje de esta pel\u00edcula de media hora que explora\u00a0el\u00a0estilo de vida\u00a0vegano y explica porque hacerse vegano es bueno para la salud, para los animales y el medio ambiente, \u00a0adem\u00e1s de ayudar\u00a0a alimentar a la creciente poblaci\u00f3n mundial.\u00a0En ingl\u00e9s con subt\u00edtulos \u00a0en espa\u00f1ol.<\/p>\n<p style=\"color: #666666;\"><a style=\"color: #660099;\" href=\"https:\/\/www.google.es\/search?rls=com.microsoft:es:%7Breferrer:source%3F%7D&amp;rlz=1I7ACPW_esES347&amp;q=making+the+connection+espa%C3%B1ol&amp;revid=876612960&amp;sa=X&amp;ei=cpnCU-bcDaqr0QWZpIDQAw&amp;ved=0CHIQ1QIoAA\">making the connection\u00a0<b>espa\u00f1ol<\/b><\/a><\/p>\n<h3 style=\"color: #008375;\">Making the Connection<\/h3>\n<h3 style=\"color: #008375;\"><a style=\"color: #ff9e16;\" href=\"https:\/\/www.youtube.com\/view_play_list?p=932A35B5E6B8965A\" target=\"_blank\"><img loading=\"lazy\" decoding=\"async\" class=\"right alignnone\" src=\"http:\/\/www.vegansociety.com\/sites\/default\/files\/uploads\/ConnectionVideo_385.jpg\" alt=\"1\/3 de la tierra 1\/3 del agua\" width=\"300\" height=\"168\" \/><\/a><\/h3>\n<p style=\"color: #666666;\">A healthy, fun, modern lifestyle AND a fair, sustainable, compassionate lifestyle &#8211; yes, it is possible to enjoy both.\u00a0This half hour film in eight parts explores a lifestyle that includes delicious, healthy food while tackling many of the ethical and global challenges of today. The film features a dietician, an MP, chefs, farmers, an elite athlete, environmental groups and world-renowned poet. It explains how becoming vegan is good for your health, good for the environment, good for all animals and can help feed a growing world population. Available with subtitles in many languages including Catalonian, Chinese, Czech, Indonesian, French, Hungarian, Slovenian and Spanish.<\/p>\n<p style=\"color: #666666;\"><a style=\"font-weight: bold; color: #ff9e16;\" href=\"https:\/\/www.youtube.com\/view_play_list?p=932A35B5E6B8965A\" target=\"_blank\">Video<\/a>\u00a0length: [31:00] (en ingl\u00e9s sin subt\u00edtulos)<\/p>\n<p style=\"color: #666666;\">\n","protected":false},"excerpt":{"rendered":"<p>VIDEO:\u00a0Padres e hijos veganos La FAO recopila y distribuye estad\u00edsticas de alimentaci\u00f3n y agricultura de 245 pa\u00edses aproximadamente y 35 regiones desde 1961 hasta la fecha. Visitar\u00a0FAOSTAT\u00a0 descargar la \u00a0version\u00a0PDF version \u00a8Making the connection\u00a8 en\u00a0espa\u00f1ol \/ \u00a8Estableciendo la relaci\u00f3n\u00a8 Se puede disfrutar al mismo tiempo un estilo de vida \u00a0vanguardista, sano y divertido y\u00a0practicar\u00a0un estilo &hellip; <a href=\"https:\/\/www.asociacionvegana.es\/?page_id=224\" class=\"more-link\">Seguir leyendo <span class=\"screen-reader-text\">Videos<\/span> <span class=\"meta-nav\">&rarr;<\/span><\/a><\/p>\n","protected":false},"author":3,"featured_media":0,"parent":0,"menu_order":0,"comment_status":"closed","ping_status":"closed","template":"","meta":{"footnotes":""},"class_list":["post-224","page","type-page","status-publish","hentry"],"_links":{"self":[{"href":"https:\/\/www.asociacionvegana.es\/index.php?rest_route=\/wp\/v2\/pages\/224","targetHints":{"allow":["GET"]}}],"collection":[{"href":"https:\/\/www.asociacionvegana.es\/index.php?rest_route=\/wp\/v2\/pages"}],"about":[{"href":"https:\/\/www.asociacionvegana.es\/index.php?rest_route=\/wp\/v2\/types\/page"}],"author":[{"embeddable":true,"href":"https:\/\/www.asociacionvegana.es\/index.php?rest_route=\/wp\/v2\/users\/3"}],"replies":[{"embeddable":true,"href":"https:\/\/www.asociacionvegana.es\/index.php?rest_route=%2Fwp%2Fv2%2Fcomments&post=224"}],"version-history":[{"count":8,"href":"https:\/\/www.asociacionvegana.es\/index.php?rest_route=\/wp\/v2\/pages\/224\/revisions"}],"predecessor-version":[{"id":233,"href":"https:\/\/www.asociacionvegana.es\/index.php?rest_route=\/wp\/v2\/pages\/224\/revisions\/233"}],"wp:attachment":[{"href":"https:\/\/www.asociacionvegana.es\/index.php?rest_route=%2Fwp%2Fv2%2Fmedia&parent=224"}],"curies":[{"name":"wp","href":"https:\/\/api.w.org\/{rel}","templated":true}]}}