{"id":204,"date":"2014-07-12T15:14:30","date_gmt":"2014-07-12T15:14:30","guid":{"rendered":"http:\/\/www.asociacionvegana.es\/?page_id=204"},"modified":"2014-07-12T15:23:24","modified_gmt":"2014-07-12T15:23:24","slug":"cartas-a-la-prensa","status":"publish","type":"page","link":"https:\/\/www.asociacionvegana.es\/?page_id=204","title":{"rendered":"Cartas a la prensa"},"content":{"rendered":"<table border=\"0\" width=\"85%\">\n<tbody>\n<tr>\n<td bgcolor=\"#FFCC99\"><b><i><span style=\"font-family: Arial, Helvetica;\"><span style=\"color: #ff0000;\"><span style=\"font-size: small;\">Por la solidaridad con los seres vivos<\/span><\/span><\/span><\/i><\/b><\/td>\n<\/tr>\n<\/tbody>\n<\/table>\n<p style=\"color: #000000;\"><span style=\"font-family: 'Arial Narrow';\"><i>Carta en respuesta a la noticia aparecida el 25 de noviembre de 2004 en La Raz\u00f3n: \u00abEsquerra Republicana propone una ley que prohiba la muerte de los toros\u00bb y al art\u00edculo \u00abLa pesca recreativa y las corridas de toros\u00bb de Luis Mar\u00eda ANSON, reproducido en la secci\u00f3n Canela Fina de La Raz\u00f3n, el domingo 28 de noviembre de 2004.<\/i><\/span><\/p>\n<p style=\"color: #000000;\">\u00a0Sr. Director,<\/p>\n<p>En el art\u00edculo \u00abLa pesca recreativa y las corridas de toros\u00bb reproducido en Canela Fina, Luis Mar\u00eda ANSON pretende justificar las corridas de toros y su continuidad en base a la crueldad sin duda impl\u00edcita en la pesca recreativa. Sin embargo, la existencia de muchas otras costumbres violentas e igualmente b\u00e1rbaras e injustificables como la pesca, recreativa o no, no es raz\u00f3n v\u00e1lida para defender un espect\u00e1culo sado-maso-\u00abart\u00edstico\u00bb basado en la tortura ps\u00edquica y f\u00edsica de un animal como el toro que est\u00e1 dotado de un sistema nervioso tan complejo como el nuestro y que tiene, sobre todo, derecho a una vida digna sin sufrir el acoso de unos pseudo-depredadores oportunistas sin escr\u00fapulos que comercian con su sufrimiento, su vida, sus despojos, su imagen y su martirio, convertido en s\u00edmbolo representativo y odiado de espa\u00f1olidad; un agravio imperdonable para la inmensa mayor\u00eda de los espa\u00f1oles que nos sentimos avergonzados de que el referente de nuestra identidad sea un espect\u00e1culo esperp\u00e9ntico y cruel. Debido a lo cual la inmensa mayor\u00eda de los espa\u00f1oles compartimos en mayor o menor medida el nuevo talante nacionalista reformista, liberal y humano, que tiene el valor de dar el primer paso en la direcci\u00f3n correcta, atrevi\u00e9ndose a decir que el dolor es com\u00fan a todas las especies y que los toros no deben seguir siendo la gran excepci\u00f3n para sus verdugos en ninguna regi\u00f3n del estado espa\u00f1ol.<\/p>\n<p>Aunque, indudablemente, haya quienes hagan una lectura nacionalista de la prohibici\u00f3n de la muerte y el suplicio de los toros en los ruedos, de igual modo que se pueden polarizar las diferencias entre cristianos y musulmanes, no es de recibo en una sociedad culta y democr\u00e1tica pretender que el abrir la v\u00eda legal para la prohibici\u00f3n de las corridas de toros en Catalu\u00f1a se presente como un atentado a la libertad y la tolerancia cuando la realidad es todo lo contrario. Es igualmente demag\u00f3gico, bochornoso e irreal presentar este debate como un ataque a lo espa\u00f1ol, ya que como catalanes y espa\u00f1oles sensibles y civilizados lo \u00fanico que deber\u00eda preocuparnos es que un espect\u00e1culo degradante y cruel se mantenga como referente de cualquier grupo \u00e9tnico, laico o religioso, debiendo ser rechazado igual que el acoso, la discriminaci\u00f3n y la denegaci\u00f3n de los derechos de la mujer.<\/p>\n<p>Como vegetariano convencido y respetuoso con los derechos de los animales quiero tambi\u00e9n felicitarles por los argumentos expresados en su art\u00edculo sobre la crueldad de la pesca recreativa, ya que al igual que los horrores de los mataderos y los sistemas industriales de cr\u00eda intensiva de animales, es importante sensibilizar a la opini\u00f3n p\u00fablica para tomar conciencia de las injusticias inherentes a la producci\u00f3n y el consumo de carne y empezar a cuestionar las dem\u00e1s barbaridades que, como las corridas de toros, tampoco tienen ninguna raz\u00f3n de ser en el siglo XXI, y de cuya soluci\u00f3n no s\u00f3lo se beneficiar\u00edan los animales sino la salud de toda la humanidad y el planeta.<\/p>\n<p>Atentamente,<\/p>\n<p><b><i>Francisco Mart\u00edn,<br \/>\nPresidente de la Asociaci\u00f3n Vegana Espa\u00f1ola (AVE)<\/i><\/b><\/p>\n<p>&nbsp;<\/p>\n<table border=\"0\" width=\"85%\">\n<tbody>\n<tr>\n<td bgcolor=\"#FFCC99\"><b><i><span style=\"font-family: Arial, Helvetica;\"><span style=\"color: #ff0000;\"><span style=\"font-size: small;\">Un espa\u00f1ol contra las corridas de toros<\/span><\/span><\/span><\/i><\/b><\/td>\n<\/tr>\n<\/tbody>\n<\/table>\n<p><span style=\"font-family: 'Arial Narrow';\"><i>Carta enviada a ABC en respuesta a la editorial \u00abERC y Los Toros\u00bb del viernes 26 de noviembre de 2004.<\/i><\/span><\/p>\n<p>Sr. Director,<\/p>\n<p>A pesar de que las encuestas, incluidas las que public\u00f3 ABC, muestran un mayor rechazo social a la crueldad con los animales y a las corridas de toros, leo con incredulidad en su editorial \u00abERC y Los Toros\u00bb que entre las cr\u00edticas vertidas contra la popularmente deseada e impacientemente esperada v\u00eda legal para la prohibici\u00f3n de las corridas de toros en Catalu\u00f1a estar\u00eda la supuesta ignorancia ideol\u00f3gica de la historia y el \u00abdesliz jur\u00eddico\u00bb de los patrocinadores de esta ansiada propuesta, por ignorar, supuestamente, que los derechos de los animales no est\u00e1n reconocidos en nuestro pa\u00eds.<\/p>\n<p>Me sorprende e indigna que ABC como impulsor de las corridas de toros -prohibidas legalmente en toda la geografia de influencia espa\u00f1ola desde el siglo XVIII hasta su legalizaci\u00f3n efectiva en Espa\u00f1a mediante un decreto real en 1992, que apoya ideol\u00f3gicamente el estatus quo que priva a los toros de sus derechos b\u00e1sicos como seres vivos sensibles-, se escude en sus acusaciones al nacionalismo para apoyar la tortura ps\u00edquica y f\u00edsica de los animales en los ruedos y privarles de una vida digna y merecedora de nuestra admiraci\u00f3n y respeto.<\/p>\n<p>Si el origen de las corridas no fue el absolutismo fernandino, el hecho de que \u00e9stas sigan celebr\u00e1ndose y sean hoy legales s\u00ed que est\u00e1 claramente relacionado con el absolutismo fernandino que han sufrido y sufren desgraciadamente muchos pol\u00edticos y gobernantes espa\u00f1oles, debido a lo cual millones de espa\u00f1oles, avergonzados como yo de que el referente de nuestra identidad sea un espect\u00e1culo esperp\u00e9ntico y cruel, nos posicionamos claramente del lado nacionalista reformista, liberal y humano, que tiene el valor de decir que el dolor es com\u00fan a todas las especies y que los toros no deben seguir siendo la gran excepci\u00f3n para sus verdugos en ninguna regi\u00f3n del estado espa\u00f1ol.<\/p>\n<p>Aunque, indudablemente, haya quienes hagan una lectura nacionalista de la prohibici\u00f3n de la muerte y el suplicio de los toros en los ruedos, de igual modo que se pueden polarizar las diferencias entre cristianos y musulmanes, no es de recibo en una sociedad culta y democr\u00e1tica pretender que incluso la total prohibici\u00f3n de las corridas de toros en Catalu\u00f1a se presente como un atentado a la libertad y la tolerancia cuando la realidad es todo lo contrario. Es igualmente demag\u00f3gico, bochornoso e irreal presentar este debate como un ataque a lo espa\u00f1ol, ya que como catalanes y espa\u00f1oles sensibles y civilizados lo \u00fanico que deber\u00eda preocuparnos es que un espect\u00e1culo degradante, cruel y vergonzoso se mantenga como referente de cualquier grupo \u00e9tnico, laico o religioso.<\/p>\n<p>Como vegetariano universalista convencido desde hace much\u00edsimos a\u00f1os quisiera tambi\u00e9n felicitarles por los argumentos expresados en su diario por los supuestos intelectuales que pretenden justificar las corridas de toros en base a la crueldad existente en los mataderos y en los sistemas industriales de cr\u00eda de animales, ya que espero que los lectores que desconozcan los horrores de los mataderos y las injusticias inherentes a la producci\u00f3n y el consumo de carne puedan tambi\u00e9n cuestionar las dem\u00e1s barbaridades que, como las corridas de toros, tampoco tienen ninguna raz\u00f3n de ser en el siglo XXI, y de cuya soluci\u00f3n no s\u00f3lo se beneficiar\u00edan los animales sino la salud de toda la humanidad y el planeta.<\/p>\n<p>Atentamente,<\/p>\n<p><b><i>Francisco Mart\u00edn,<br \/>\nPresidente de la Asociaci\u00f3n Vegana Espa\u00f1ola (AVE)<\/i><\/b><\/p>\n<p>&nbsp;<\/p>\n<table border=\"0\" width=\"85%\">\n<tbody>\n<tr>\n<td bgcolor=\"#FFCC99\"><b><i><span style=\"font-family: Arial, Helvetica;\"><span style=\"color: #ff0000;\"><span style=\"font-size: small;\">Carta enviada a Italia<\/span><\/span><\/span><\/i><\/b><\/td>\n<\/tr>\n<\/tbody>\n<\/table>\n<p style=\"color: #000000;\"><span style=\"font-family: 'Arial Narrow';\"><i>Carta pidiendo que la isla de Ponza sea un territorio libre de caza, a:<\/i><\/span><i>info @ prolocodiponza.it, sedecentrale @ enit.it, direzgenerale @ enit.it\u00a0<\/i><\/p>\n<p style=\"color: #000000;\"><i style=\"font-style: italic;\">29 de noviembre de 2004.<\/i><\/p>\n<p style=\"color: #000000;\">Estimados se\u00f1ores,<\/p>\n<p>Escribo con el deseo de felicitar a los dos ayuntamientos italianos que han decretado la prohibici\u00f3n de la caza por motivos de seguridad p\u00fablica en los territorios bajo su jurisdicci\u00f3n territorial y manifestar mi apoyo a la proposici\u00f3n de \u00abTerritorio sin Caza\u00bb para la totalidad de la isla de Ponza, con la petici\u00f3n de que se establezcan los controles necesarios para garantizar el respeto de esta medida legal.<\/p>\n<p>Debido a la falta de seguridad en la isla de Ponza, motivada por la violencia y descontrol de los cazadores y la caza furtiva, considero que no es un lugar adecuado ni seguro para el turismo, por lo tanto no incluir\u00e9 la ruta de la isla en mis viajes tur\u00edsticos ni recomendar\u00e9 su visita a mis amigos ni a personas conocidas hasta que la isla se considere un espacio libre de caza, tranquilo y seguro para los seres humanos y los animales.<\/p>\n<p>Atentamente,<\/p>\n<p><b><i>Francisco Mart\u00edn,<br \/>\nPresidente de la Asociaci\u00f3n Vegana Espa\u00f1ola (AVE)<\/i><\/b><\/p>\n<p>&nbsp;<\/p>\n<p>&nbsp;<\/p>\n<p>&nbsp;<\/p>\n","protected":false},"excerpt":{"rendered":"<p>Por la solidaridad con los seres vivos Carta en respuesta a la noticia aparecida el 25 de noviembre de 2004 en La Raz\u00f3n: \u00abEsquerra Republicana propone una ley que prohiba la muerte de los toros\u00bb y al art\u00edculo \u00abLa pesca recreativa y las corridas de toros\u00bb de Luis Mar\u00eda ANSON, reproducido en la secci\u00f3n Canela &hellip; <a href=\"https:\/\/www.asociacionvegana.es\/?page_id=204\" class=\"more-link\">Seguir leyendo <span class=\"screen-reader-text\">Cartas a la prensa<\/span> <span class=\"meta-nav\">&rarr;<\/span><\/a><\/p>\n","protected":false},"author":3,"featured_media":0,"parent":87,"menu_order":0,"comment_status":"closed","ping_status":"closed","template":"","meta":{"footnotes":""},"class_list":["post-204","page","type-page","status-publish","hentry"],"_links":{"self":[{"href":"https:\/\/www.asociacionvegana.es\/index.php?rest_route=\/wp\/v2\/pages\/204","targetHints":{"allow":["GET"]}}],"collection":[{"href":"https:\/\/www.asociacionvegana.es\/index.php?rest_route=\/wp\/v2\/pages"}],"about":[{"href":"https:\/\/www.asociacionvegana.es\/index.php?rest_route=\/wp\/v2\/types\/page"}],"author":[{"embeddable":true,"href":"https:\/\/www.asociacionvegana.es\/index.php?rest_route=\/wp\/v2\/users\/3"}],"replies":[{"embeddable":true,"href":"https:\/\/www.asociacionvegana.es\/index.php?rest_route=%2Fwp%2Fv2%2Fcomments&post=204"}],"version-history":[{"count":3,"href":"https:\/\/www.asociacionvegana.es\/index.php?rest_route=\/wp\/v2\/pages\/204\/revisions"}],"predecessor-version":[{"id":533,"href":"https:\/\/www.asociacionvegana.es\/index.php?rest_route=\/wp\/v2\/pages\/204\/revisions\/533"}],"up":[{"embeddable":true,"href":"https:\/\/www.asociacionvegana.es\/index.php?rest_route=\/wp\/v2\/pages\/87"}],"wp:attachment":[{"href":"https:\/\/www.asociacionvegana.es\/index.php?rest_route=%2Fwp%2Fv2%2Fmedia&parent=204"}],"curies":[{"name":"wp","href":"https:\/\/api.w.org\/{rel}","templated":true}]}}