{"id":20,"date":"2014-05-12T13:58:44","date_gmt":"2014-05-12T13:58:44","guid":{"rendered":"http:\/\/www.asociacionvegana.es\/?page_id=20"},"modified":"2016-04-09T16:44:06","modified_gmt":"2016-04-09T16:44:06","slug":"salud","status":"publish","type":"page","link":"https:\/\/www.asociacionvegana.es\/?page_id=20","title":{"rendered":"Salud \/ Health"},"content":{"rendered":"<p>El consumo de grasa y prote\u00edna animal sobrecarga la funci\u00f3n renal y es perjudicial para nuestro aparato circulatorio. Una alimentaci\u00f3n a base de carne, pescado, huevos y leche incide negativamente sobre nuestra salud, favoreciendo el desarrollo de enfermedades de origen nutricional como la arteriosclerosis, la hipertensi\u00f3n, el c\u00e1ncer, la osteoporosis, la diabetes y las enfermedades del coraz\u00f3n. Mientras que una dieta basada en el consumo de fruta, vegetales, cereales y legumbres, rica en fibra y elementos nutritivos, es ideal para mantener limpio nuestro organismo y nuestras arterias, pudiendo obtener as\u00ed la cantidad adecuada de grasas y prote\u00ednas sin preocuparnos por el colesterol, que s\u00f3lo se encuentra en los productos de origen animal. La leche de vaca contiene la proporci\u00f3n ideal de grasa y prote\u00ednas para los terneros, sin embargo, no es un alimento adecuado para el ser humano.<\/p>\n","protected":false},"excerpt":{"rendered":"<p>El consumo de grasa y prote\u00edna animal sobrecarga la funci\u00f3n renal y es perjudicial para nuestro aparato circulatorio. Una alimentaci\u00f3n a base de carne, pescado, huevos y leche incide negativamente sobre nuestra salud, favoreciendo el desarrollo de enfermedades de origen nutricional como la arteriosclerosis, la hipertensi\u00f3n, el c\u00e1ncer, la osteoporosis, la diabetes y las enfermedades &hellip; <a href=\"https:\/\/www.asociacionvegana.es\/?page_id=20\" class=\"more-link\">Seguir leyendo <span class=\"screen-reader-text\">Salud \/ Health<\/span> <span class=\"meta-nav\">&rarr;<\/span><\/a><\/p>\n","protected":false},"author":3,"featured_media":0,"parent":87,"menu_order":0,"comment_status":"open","ping_status":"closed","template":"","meta":{"footnotes":""},"class_list":["post-20","page","type-page","status-publish","hentry"],"_links":{"self":[{"href":"https:\/\/www.asociacionvegana.es\/index.php?rest_route=\/wp\/v2\/pages\/20","targetHints":{"allow":["GET"]}}],"collection":[{"href":"https:\/\/www.asociacionvegana.es\/index.php?rest_route=\/wp\/v2\/pages"}],"about":[{"href":"https:\/\/www.asociacionvegana.es\/index.php?rest_route=\/wp\/v2\/types\/page"}],"author":[{"embeddable":true,"href":"https:\/\/www.asociacionvegana.es\/index.php?rest_route=\/wp\/v2\/users\/3"}],"replies":[{"embeddable":true,"href":"https:\/\/www.asociacionvegana.es\/index.php?rest_route=%2Fwp%2Fv2%2Fcomments&post=20"}],"version-history":[{"count":4,"href":"https:\/\/www.asociacionvegana.es\/index.php?rest_route=\/wp\/v2\/pages\/20\/revisions"}],"predecessor-version":[{"id":488,"href":"https:\/\/www.asociacionvegana.es\/index.php?rest_route=\/wp\/v2\/pages\/20\/revisions\/488"}],"up":[{"embeddable":true,"href":"https:\/\/www.asociacionvegana.es\/index.php?rest_route=\/wp\/v2\/pages\/87"}],"wp:attachment":[{"href":"https:\/\/www.asociacionvegana.es\/index.php?rest_route=%2Fwp%2Fv2%2Fmedia&parent=20"}],"curies":[{"name":"wp","href":"https:\/\/api.w.org\/{rel}","templated":true}]}}