{"id":110,"date":"2014-07-06T11:21:46","date_gmt":"2014-07-06T11:21:46","guid":{"rendered":"http:\/\/www.asociacionvegana.es\/?page_id=110"},"modified":"2015-07-05T09:46:00","modified_gmt":"2015-07-05T09:46:00","slug":"revistas","status":"publish","type":"page","link":"https:\/\/www.asociacionvegana.es\/?page_id=110","title":{"rendered":"Boletines \/ Bulletins"},"content":{"rendered":"<p><span style=\"color: #000000; font-family: Arial, Helvetica;\"><i>Art\u00edculos procedentes del Bolet\u00edn n\u00ba 1 de la Asociaci\u00f3n Vegana Espa\u00f1ola \u00abVeganismo\u00bb<\/i><\/span><\/p>\n<ul style=\"color: #000000;\">\n<li><a href=\"http:\/\/www.ivu.org\/spanish\/news\/95-96\/baltic.html\">Inmersi\u00f3n en el B\u00e1ltico<\/a><\/li>\n<\/ul>\n<ul style=\"color: #000000;\">\n<li><a href=\"http:\/\/www.ivu.org\/ave\/carnemat.html\">La carne: un alimento que mata<\/a><\/li>\n<\/ul>\n<ul style=\"color: #000000;\">\n<li><a href=\"http:\/\/www.ivu.org\/ave\/amenaza.html\">El consumo de animales: una amenaza para la vida del planeta<\/a><\/li>\n<\/ul>\n<ul style=\"color: #000000;\">\n<li><a href=\"http:\/\/www.ivu.org\/ave\/10moral.html\">Dec\u00e1logo moral contra la crueldad con los animales<\/a>\u00a0(tambi\u00e9n en\u00a0<a href=\"http:\/\/www.ivu.org\/ave\/10moral-it.html\">Italiano<\/a>)<\/li>\n<\/ul>\n<hr style=\"color: #000000;\" \/>\n<p><span style=\"color: #000000; font-family: Arial, Helvetica;\"><i>Art\u00edculos procedentes del Bolet\u00edn n\u00ba 2 de la Asociaci\u00f3n Vegana Espa\u00f1ola \u00abVeganismo\u00bb<\/i><\/span><\/p>\n<ul style=\"color: #000000;\">\n<li><a href=\"http:\/\/www.ivu.org\/spanish\/news\/95-96\/eating.html\">Comiendo a Nuestra Manera<\/a>\u00a0(tambi\u00e9n en\u00a0<i><a href=\"http:\/\/www.ivu.org\/italian\/news\/95-96\/eating.html\">Italiano<\/a>)<\/i><\/li>\n<\/ul>\n<ul style=\"color: #000000;\">\n<li><a href=\"http:\/\/www.ivu.org\/ave\/infierno.html\">El infierno de los mataderos<\/a><\/li>\n<\/ul>\n<ul style=\"color: #000000;\">\n<li><a href=\"http:\/\/www.ivu.org\/ave\/miel.html\">La miel: un alimento para las abejas<\/a><\/li>\n<\/ul>\n<ul style=\"color: #000000;\">\n<li><a href=\"http:\/\/www.ivu.org\/ave\/historia.html\">Historia del Naturismo Vegetariano\/Vegano<\/a><\/li>\n<\/ul>\n<hr style=\"color: #000000;\" \/>\n<p><span style=\"color: #000000; font-family: Arial, Helvetica;\"><i>Art\u00edculos procedentes del Bolet\u00edn n\u00ba 3 de la Asociaci\u00f3n Vegana Espa\u00f1ola \u00abVeganismo\u00bb<\/i><\/span><\/p>\n<ul style=\"color: #000000;\">\n<li><a href=\"http:\/\/www.ivu.org\/ave\/aditivos.html\">El origen y uso de aditivos alimentarios<\/a><\/li>\n<\/ul>\n<ul style=\"color: #000000;\">\n<li><a href=\"http:\/\/www.ivu.org\/ave\/vivisec.html\">La vivisecci\u00f3n de animales: una atrocidad \u00e9tica y cient\u00edfica<\/a><\/li>\n<\/ul>\n<ul style=\"color: #000000;\">\n<li><a href=\"http:\/\/www.ivu.org\/ave\/vacaloca.html\">Las vacas locas y la leche<\/a>\u00a0(tambi\u00e9n en\u00a0<a href=\"http:\/\/www.ivu.org\/ave\/vacaloca-fr.html\">Fran\u00e7ais<\/a>)<\/li>\n<\/ul>\n<ul style=\"color: #000000;\">\n<li><a href=\"http:\/\/www.ivu.org\/ave\/marina.html\">La depredaci\u00f3n de la vida marina y la muerte de los mares<\/a><\/li>\n<\/ul>\n<p>&nbsp;<\/p>\n","protected":false},"excerpt":{"rendered":"<p>Art\u00edculos procedentes del Bolet\u00edn n\u00ba 1 de la Asociaci\u00f3n Vegana Espa\u00f1ola \u00abVeganismo\u00bb Inmersi\u00f3n en el B\u00e1ltico La carne: un alimento que mata El consumo de animales: una amenaza para la vida del planeta Dec\u00e1logo moral contra la crueldad con los animales\u00a0(tambi\u00e9n en\u00a0Italiano) Art\u00edculos procedentes del Bolet\u00edn n\u00ba 2 de la Asociaci\u00f3n Vegana Espa\u00f1ola \u00abVeganismo\u00bb Comiendo &hellip; <a href=\"https:\/\/www.asociacionvegana.es\/?page_id=110\" class=\"more-link\">Seguir leyendo <span class=\"screen-reader-text\">Boletines \/ Bulletins<\/span> <span class=\"meta-nav\">&rarr;<\/span><\/a><\/p>\n","protected":false},"author":3,"featured_media":0,"parent":87,"menu_order":5,"comment_status":"closed","ping_status":"closed","template":"","meta":{"footnotes":""},"class_list":["post-110","page","type-page","status-publish","hentry"],"_links":{"self":[{"href":"https:\/\/www.asociacionvegana.es\/index.php?rest_route=\/wp\/v2\/pages\/110","targetHints":{"allow":["GET"]}}],"collection":[{"href":"https:\/\/www.asociacionvegana.es\/index.php?rest_route=\/wp\/v2\/pages"}],"about":[{"href":"https:\/\/www.asociacionvegana.es\/index.php?rest_route=\/wp\/v2\/types\/page"}],"author":[{"embeddable":true,"href":"https:\/\/www.asociacionvegana.es\/index.php?rest_route=\/wp\/v2\/users\/3"}],"replies":[{"embeddable":true,"href":"https:\/\/www.asociacionvegana.es\/index.php?rest_route=%2Fwp%2Fv2%2Fcomments&post=110"}],"version-history":[{"count":5,"href":"https:\/\/www.asociacionvegana.es\/index.php?rest_route=\/wp\/v2\/pages\/110\/revisions"}],"predecessor-version":[{"id":491,"href":"https:\/\/www.asociacionvegana.es\/index.php?rest_route=\/wp\/v2\/pages\/110\/revisions\/491"}],"up":[{"embeddable":true,"href":"https:\/\/www.asociacionvegana.es\/index.php?rest_route=\/wp\/v2\/pages\/87"}],"wp:attachment":[{"href":"https:\/\/www.asociacionvegana.es\/index.php?rest_route=%2Fwp%2Fv2%2Fmedia&parent=110"}],"curies":[{"name":"wp","href":"https:\/\/api.w.org\/{rel}","templated":true}]}}